{"id":20,"date":"2024-12-29T12:20:10","date_gmt":"2024-12-29T11:20:10","guid":{"rendered":"https:\/\/astramini.me\/?page_id=20"},"modified":"2024-12-29T12:20:10","modified_gmt":"2024-12-29T11:20:10","slug":"strona-glowna","status":"publish","type":"page","link":"https:\/\/astramini.me\/","title":{"rendered":"Strona g\u0142\u00f3wna"},"content":{"rendered":"\n<p>Witamy na stronie! To jest strona g\u0142\u00f3wna, kt\u00f3r\u0105 zobaczy wi\u0119kszo\u015b\u0107 odwiedzaj\u0105cych, kiedy b\u0119dzie odwiedza\u0107 twoj\u0105 witryn\u0119 po raz pierwszy.<\/p>\n","protected":false},"excerpt":{"rendered":"<p>Witamy na stronie! To jest strona g\u0142\u00f3wna, kt\u00f3r\u0105 zobaczy wi\u0119kszo\u015b\u0107 odwiedzaj\u0105cych, kiedy b\u0119dzie odwiedza\u0107 twoj\u0105 witryn\u0119 po raz pierwszy.<\/p>\n","protected":false},"author":2,"featured_media":0,"parent":0,"menu_order":0,"comment_status":"closed","ping_status":"closed","template":"","meta":{"footnotes":""},"class_list":["post-20","page","type-page","status-publish","hentry"],"_links":{"self":[{"href":"https:\/\/astramini.me\/index.php?rest_route=\/wp\/v2\/pages\/20","targetHints":{"allow":["GET"]}}],"collection":[{"href":"https:\/\/astramini.me\/index.php?rest_route=\/wp\/v2\/pages"}],"about":[{"href":"https:\/\/astramini.me\/index.php?rest_route=\/wp\/v2\/types\/page"}],"author":[{"embeddable":true,"href":"https:\/\/astramini.me\/index.php?rest_route=\/wp\/v2\/users\/2"}],"replies":[{"embeddable":true,"href":"https:\/\/astramini.me\/index.php?rest_route=%2Fwp%2Fv2%2Fcomments&post=20"}],"version-history":[{"count":1,"href":"https:\/\/astramini.me\/index.php?rest_route=\/wp\/v2\/pages\/20\/revisions"}],"predecessor-version":[{"id":64,"href":"https:\/\/astramini.me\/index.php?rest_route=\/wp\/v2\/pages\/20\/revisions\/64"}],"wp:attachment":[{"href":"https:\/\/astramini.me\/index.php?rest_route=%2Fwp%2Fv2%2Fmedia&parent=20"}],"curies":[{"name":"wp","href":"https:\/\/api.w.org\/{rel}","templated":true}]}}